{"id":101,"date":"2019-06-28T20:53:11","date_gmt":"2019-06-28T20:53:11","guid":{"rendered":"http:\/\/h3062131.hostingrd.pl\/?page_id=101"},"modified":"2019-06-28T20:58:25","modified_gmt":"2019-06-28T20:58:25","slug":"osada-stary-libin-i","status":"publish","type":"page","link":"https:\/\/h3062131.hostingrd.pl\/index.php\/inwestycje-zakonczone\/osada-stary-libin-i\/","title":{"rendered":"Osada Stary Lubin I"},"content":{"rendered":"\n<h2 class=\"wp-block-heading\">\u201cOsada Stary Lubin I\u201d   po\u0142o\u017cona jest w Lubinie przy ul. Stary Lubin, w willowej i spokojnej cz\u0119\u015bci Lubina. Atutem inwestycji jest jej po\u0142o\u017cenie  w stosunku do znajduj\u0105cej si\u0119 w  odleg\u0142o\u015bci 3 km drogi ekspresowej S3. A jednocze\u015bnie  nie dochodz\u0105 tutaj ha\u0142asy z drogi g\u0142\u00f3wnej a w pobli\u017cu nie ma \u017cadnych zak\u0142ad\u00f3w produkcyjnych.  Inwestycja sk\u0142adaj\u0105ca si\u0119 z sze\u015bciu segment\u00f3w w zabudowie szeregowej. Zaopatrzyli\u015bmy Osiedle w konieczne media. Domy pod\u0142\u0105czone s\u0105 do wody, pr\u0105du i kanalizacji oraz sieci gazu ziemnego. Dzia\u0142ki przynale\u017cne do segment\u00f3w s\u0105 zr\u00f3\u017cnicowanej wielko\u015bci od     do    <\/h2>\n","protected":false},"excerpt":{"rendered":"<p>\u201cOsada Stary Lubin I\u201d po\u0142o\u017cona jest w Lubinie przy ul. Stary Lubin, w willowej i spokojnej cz\u0119\u015bci Lubina. Atutem inwestycji jest jej po\u0142o\u017cenie w stosunku do znajduj\u0105cej si\u0119 w odleg\u0142o\u015bci 3 km drogi ekspresowej S3. A jednocze\u015bnie nie dochodz\u0105 tutaj ha\u0142asy z drogi g\u0142\u00f3wnej a w pobli\u017cu nie ma \u017cadnych zak\u0142ad\u00f3w produkcyjnych. Inwestycja sk\u0142adaj\u0105ca si\u0119 [&hellip;]<\/p>\n","protected":false},"author":1,"featured_media":0,"parent":18,"menu_order":0,"comment_status":"closed","ping_status":"closed","template":"full-width.php","meta":{"footnotes":""},"_links":{"self":[{"href":"https:\/\/h3062131.hostingrd.pl\/index.php\/wp-json\/wp\/v2\/pages\/101"}],"collection":[{"href":"https:\/\/h3062131.hostingrd.pl\/index.php\/wp-json\/wp\/v2\/pages"}],"about":[{"href":"https:\/\/h3062131.hostingrd.pl\/index.php\/wp-json\/wp\/v2\/types\/page"}],"author":[{"embeddable":true,"href":"https:\/\/h3062131.hostingrd.pl\/index.php\/wp-json\/wp\/v2\/users\/1"}],"replies":[{"embeddable":true,"href":"https:\/\/h3062131.hostingrd.pl\/index.php\/wp-json\/wp\/v2\/comments?post=101"}],"version-history":[{"count":3,"href":"https:\/\/h3062131.hostingrd.pl\/index.php\/wp-json\/wp\/v2\/pages\/101\/revisions"}],"predecessor-version":[{"id":110,"href":"https:\/\/h3062131.hostingrd.pl\/index.php\/wp-json\/wp\/v2\/pages\/101\/revisions\/110"}],"up":[{"embeddable":true,"href":"https:\/\/h3062131.hostingrd.pl\/index.php\/wp-json\/wp\/v2\/pages\/18"}],"wp:attachment":[{"href":"https:\/\/h3062131.hostingrd.pl\/index.php\/wp-json\/wp\/v2\/media?parent=101"}],"curies":[{"name":"wp","href":"https:\/\/api.w.org\/{rel}","templated":true}]}}