{"id":25,"date":"2019-05-06T20:46:48","date_gmt":"2019-05-06T20:46:48","guid":{"rendered":"http:\/\/h3062131.hostingrd.pl\/?page_id=25"},"modified":"2019-06-28T21:00:40","modified_gmt":"2019-06-28T21:00:40","slug":"o-nas","status":"publish","type":"page","link":"https:\/\/h3062131.hostingrd.pl\/","title":{"rendered":"O nas"},"content":{"rendered":"\n<figure class=\"wp-block-image\"><img loading=\"lazy\" decoding=\"async\" width=\"1024\" height=\"576\" src=\"http:\/\/h3062131.hostingrd.pl\/wp-content\/uploads\/2019\/05\/2018.01.25-4k-1024x576.jpg\" alt=\"\" class=\"wp-image-21\" srcset=\"https:\/\/h3062131.hostingrd.pl\/wp-content\/uploads\/2019\/05\/2018.01.25-4k-1024x576.jpg 1024w, https:\/\/h3062131.hostingrd.pl\/wp-content\/uploads\/2019\/05\/2018.01.25-4k-300x169.jpg 300w, https:\/\/h3062131.hostingrd.pl\/wp-content\/uploads\/2019\/05\/2018.01.25-4k-768x432.jpg 768w, https:\/\/h3062131.hostingrd.pl\/wp-content\/uploads\/2019\/05\/2018.01.25-4k-1568x882.jpg 1568w\" sizes=\"(max-width: 1024px) 100vw, 1024px\" \/><\/figure>\n\n\n\n<h4 class=\"wp-block-heading\"><\/h4>\n\n\n\n<p>Budowanie to nasza pasja. Jeste\u015bmy m\u0142od\u0105 pre\u017cnie rozwijajc si\u0119 firma. Na rynku dzia\u0142amy od 2014 roku.  Nasz\u0105 specjalno\u015bci\u0105 jest wznoszenie dom\u00f3w jednorodzinnych w zabudowie bli\u017aniaczej i szeregowej. Dzia\u0142amy we wsp\u00f3\u0142pracy tylko ze sprawdzonymi wykonawcami i dostawcami materia\u0142\u00f3w. Wysoki standard wyko\u0144czenia realizowanych obiekt\u00f3w osi\u0105gamy dzi\u0119ki u\u017cyciu materia\u0142\u00f3w wysokiej jako\u015bci oraz profesjonalnemu podej\u015bciu do wykonawstwa. Budujemy pozycj\u0119 na rynku w oparciu o renomowane rozwi\u0105zania. Z zaanga\u017cowaniem realizujemy nowoczesne obiekty, kt\u00f3re maj\u0105 najlepiej s\u0142u\u017cy\u0107 przysz\u0142ym mieszka\u0144com nas dom\u00f3w. Nasz\u0105 firm\u0119 dewelopersk\u0105 wyr\u00f3\u017cnia rzetelno\u015b\u0107 i solidno\u015b\u0107 dzia\u0142ania na ka\u017cdym etapie inwestycji.  Umiej\u0119tny dob\u00f3r lokalizacji oraz wra\u017cliwo\u015b\u0107 na potrzeby klienta sprawiaj\u0105, \u017ce nasze inwestycje ciesz\u0105 si\u0119 du\u017cym zainteresowaniem. Skutecznie \u0142\u0105czymy wysokie standardy budowlane z przykuwaj\u0105c\u0105 uwag\u0119 estetyk\u0105.  Zapraszamy do zapoznania si\u0119 z nasz\u0105 ofert\u0105<\/p>\n","protected":false},"excerpt":{"rendered":"<p>Budowanie to nasza pasja. Jeste\u015bmy m\u0142od\u0105 pre\u017cnie rozwijajc si\u0119 firma. Na rynku dzia\u0142amy od 2014 roku. Nasz\u0105 specjalno\u015bci\u0105 jest wznoszenie dom\u00f3w jednorodzinnych w zabudowie bli\u017aniaczej i szeregowej. Dzia\u0142amy we wsp\u00f3\u0142pracy tylko ze sprawdzonymi wykonawcami i dostawcami materia\u0142\u00f3w. Wysoki standard wyko\u0144czenia realizowanych obiekt\u00f3w osi\u0105gamy dzi\u0119ki u\u017cyciu materia\u0142\u00f3w wysokiej jako\u015bci oraz profesjonalnemu podej\u015bciu do wykonawstwa. Budujemy pozycj\u0119 [&hellip;]<\/p>\n","protected":false},"author":1,"featured_media":0,"parent":0,"menu_order":0,"comment_status":"closed","ping_status":"closed","template":"full-width.php","meta":{"footnotes":""},"_links":{"self":[{"href":"https:\/\/h3062131.hostingrd.pl\/index.php\/wp-json\/wp\/v2\/pages\/25"}],"collection":[{"href":"https:\/\/h3062131.hostingrd.pl\/index.php\/wp-json\/wp\/v2\/pages"}],"about":[{"href":"https:\/\/h3062131.hostingrd.pl\/index.php\/wp-json\/wp\/v2\/types\/page"}],"author":[{"embeddable":true,"href":"https:\/\/h3062131.hostingrd.pl\/index.php\/wp-json\/wp\/v2\/users\/1"}],"replies":[{"embeddable":true,"href":"https:\/\/h3062131.hostingrd.pl\/index.php\/wp-json\/wp\/v2\/comments?post=25"}],"version-history":[{"count":7,"href":"https:\/\/h3062131.hostingrd.pl\/index.php\/wp-json\/wp\/v2\/pages\/25\/revisions"}],"predecessor-version":[{"id":66,"href":"https:\/\/h3062131.hostingrd.pl\/index.php\/wp-json\/wp\/v2\/pages\/25\/revisions\/66"}],"wp:attachment":[{"href":"https:\/\/h3062131.hostingrd.pl\/index.php\/wp-json\/wp\/v2\/media?parent=25"}],"curies":[{"name":"wp","href":"https:\/\/api.w.org\/{rel}","templated":true}]}}