{"id":87,"date":"2019-06-28T19:59:14","date_gmt":"2019-06-28T19:59:14","guid":{"rendered":"http:\/\/h3062131.hostingrd.pl\/?page_id=87"},"modified":"2019-06-28T20:59:35","modified_gmt":"2019-06-28T20:59:35","slug":"inwestycje","status":"publish","type":"page","link":"https:\/\/h3062131.hostingrd.pl\/index.php\/inwestycje-w-realizacji\/inwestycje\/","title":{"rendered":"Osada Stary Lubin II"},"content":{"rendered":"\n<h2 class=\"wp-block-heading\"> \u201cOsada Stary Lubin II\u201d   po\u0142o\u017cona jest w Lubinie przy ul. Stary Lubin, w willowej i spokojnej cz\u0119\u015bci Lubina. Atutem inwestycji jest jej po\u0142o\u017cenie  w stosunku do znajduj\u0105cej si\u0119 w  odleg\u0142o\u015bci 3 km drogi ekspresowej S3. A jednocze\u015bnie  nie dochodz\u0105ce tutaj ha\u0142asy z drogi g\u0142\u00f3wnej i brak w pobli\u017cu zak\u0142ad\u00f3w produkcyjnych.  Inwestycja sk\u0142ada si\u0119 z pi\u0119ciu dom\u00f3w jednorodzinnych w zabudowie szeregowej.&nbsp; Domy pod\u0142\u0105czone b\u0119d\u0105 do wody, pr\u0105du, kanalizacji oraz sieci gazu ziemnego. Dzia\u0142ki przynale\u017cne do segment\u00f3w s\u0105 zr\u00f3\u017cnicowanej wielko\u015bci od     do    .  <\/h2>\n\n\n\n<ul><li><\/li><\/ul>\n","protected":false},"excerpt":{"rendered":"<p>\u201cOsada Stary Lubin II\u201d po\u0142o\u017cona jest w Lubinie przy ul. Stary Lubin, w willowej i spokojnej cz\u0119\u015bci Lubina. Atutem inwestycji jest jej po\u0142o\u017cenie w stosunku do znajduj\u0105cej si\u0119 w odleg\u0142o\u015bci 3 km drogi ekspresowej S3. A jednocze\u015bnie nie dochodz\u0105ce tutaj ha\u0142asy z drogi g\u0142\u00f3wnej i brak w pobli\u017cu zak\u0142ad\u00f3w produkcyjnych. Inwestycja sk\u0142ada si\u0119 z pi\u0119ciu [&hellip;]<\/p>\n","protected":false},"author":1,"featured_media":0,"parent":19,"menu_order":2,"comment_status":"closed","ping_status":"closed","template":"full-width.php","meta":{"footnotes":""},"_links":{"self":[{"href":"https:\/\/h3062131.hostingrd.pl\/index.php\/wp-json\/wp\/v2\/pages\/87"}],"collection":[{"href":"https:\/\/h3062131.hostingrd.pl\/index.php\/wp-json\/wp\/v2\/pages"}],"about":[{"href":"https:\/\/h3062131.hostingrd.pl\/index.php\/wp-json\/wp\/v2\/types\/page"}],"author":[{"embeddable":true,"href":"https:\/\/h3062131.hostingrd.pl\/index.php\/wp-json\/wp\/v2\/users\/1"}],"replies":[{"embeddable":true,"href":"https:\/\/h3062131.hostingrd.pl\/index.php\/wp-json\/wp\/v2\/comments?post=87"}],"version-history":[{"count":6,"href":"https:\/\/h3062131.hostingrd.pl\/index.php\/wp-json\/wp\/v2\/pages\/87\/revisions"}],"predecessor-version":[{"id":111,"href":"https:\/\/h3062131.hostingrd.pl\/index.php\/wp-json\/wp\/v2\/pages\/87\/revisions\/111"}],"up":[{"embeddable":true,"href":"https:\/\/h3062131.hostingrd.pl\/index.php\/wp-json\/wp\/v2\/pages\/19"}],"wp:attachment":[{"href":"https:\/\/h3062131.hostingrd.pl\/index.php\/wp-json\/wp\/v2\/media?parent=87"}],"curies":[{"name":"wp","href":"https:\/\/api.w.org\/{rel}","templated":true}]}}